{"id":1384,"date":"2026-02-20T11:33:58","date_gmt":"2026-02-20T10:33:58","guid":{"rendered":"https:\/\/nosvoyagesinterieurs.com\/?page_id=1384"},"modified":"2026-02-20T12:29:55","modified_gmt":"2026-02-20T11:29:55","slug":"blog-2","status":"publish","type":"page","link":"https:\/\/nosvoyagesinterieurs.com\/index.php\/blog-2\/","title":{"rendered":"Blog"},"content":{"rendered":"\n<h1 class=\"wp-block-heading has-text-align-center\"><strong>Pr\u00e9paration au mariage et vie de couple<\/strong><\/h1>\n\n\n\n<div class=\"wp-block-group alignfull is-layout-constrained wp-container-core-group-is-layout-31bd9fcf wp-block-group-is-layout-constrained\" style=\"padding-right:2rem;padding-left:2rem\">\n<div class=\"wp-block-query is-layout-flow wp-block-query-is-layout-flow\"><ul class=\"wp-block-post-template is-layout-flow wp-block-post-template-is-layout-flow\"><li class=\"wp-block-post post-1366 post type-post status-publish format-standard has-post-thumbnail hentry category-preparation-au-mariage-laique\">\n<h2 class=\"wp-block-post-title\">Communication de couple avant le mariage : les cl\u00e9s pour r\u00e9ussir<\/h2>\n\n<figure class=\"wp-block-post-featured-image\"><a href=\"https:\/\/nosvoyagesinterieurs.com\/index.php\/2026\/02\/20\/communication-de-couple-avant-le-mariage-les-cles-pour-reussir\/\" target=\"_self\"  ><img loading=\"lazy\" decoding=\"async\" width=\"2560\" height=\"1707\" src=\"https:\/\/nosvoyagesinterieurs.com\/wp-content\/uploads\/2026\/02\/preparations_au_mariage_pour_couple_Communication-de-couple-avant-le-mariage-les-cles-pour-reussir-1-scaled.jpg\" class=\"attachment-post-thumbnail size-post-thumbnail wp-post-image\" alt=\"Communication de couple avant le mariage : les cl\u00e9s pour r\u00e9ussir\" style=\"object-fit:cover;\" srcset=\"https:\/\/nosvoyagesinterieurs.com\/wp-content\/uploads\/2026\/02\/preparations_au_mariage_pour_couple_Communication-de-couple-avant-le-mariage-les-cles-pour-reussir-1-scaled.jpg 2560w, https:\/\/nosvoyagesinterieurs.com\/wp-content\/uploads\/2026\/02\/preparations_au_mariage_pour_couple_Communication-de-couple-avant-le-mariage-les-cles-pour-reussir-1-300x200.jpg 300w, https:\/\/nosvoyagesinterieurs.com\/wp-content\/uploads\/2026\/02\/preparations_au_mariage_pour_couple_Communication-de-couple-avant-le-mariage-les-cles-pour-reussir-1-1024x683.jpg 1024w, https:\/\/nosvoyagesinterieurs.com\/wp-content\/uploads\/2026\/02\/preparations_au_mariage_pour_couple_Communication-de-couple-avant-le-mariage-les-cles-pour-reussir-1-768x512.jpg 768w, https:\/\/nosvoyagesinterieurs.com\/wp-content\/uploads\/2026\/02\/preparations_au_mariage_pour_couple_Communication-de-couple-avant-le-mariage-les-cles-pour-reussir-1-1536x1024.jpg 1536w, https:\/\/nosvoyagesinterieurs.com\/wp-content\/uploads\/2026\/02\/preparations_au_mariage_pour_couple_Communication-de-couple-avant-le-mariage-les-cles-pour-reussir-1-2048x1365.jpg 2048w\" sizes=\"auto, (max-width: 2560px) 100vw, 2560px\" \/><\/a><\/figure>\n\n\n<div class=\"wp-block-group is-layout-flow wp-block-group-is-layout-flow\" style=\"padding-bottom:3rem\"><div class=\"wp-block-post-excerpt\"><p class=\"wp-block-post-excerpt__excerpt\">La communication est le pilier de toute relation r\u00e9ussie. Une pr\u00e9paration au mariage et accompagnement de couple vous permet de d\u00e9velopper des comp\u00e9tences concr\u00e8tes pour \u00e9changer avec respect et bienveillance. \u00c9coute active et expression des besoins Avant le mariage, il est crucial de pratiquer l\u2019\u00e9coute active. Cela signifie \u00e9couter votre partenaire sans interrompre, reformuler ses\u2026 <\/p><\/div>\n\n\n<div class=\"wp-block-group is-layout-flex wp-block-group-is-layout-flex\"><div style=\"font-style:normal;font-weight:400;\" class=\"wp-block-post-date has-small-font-size\"><time datetime=\"2026-02-20T10:45:52+01:00\">f\u00e9vrier 20, 2026<\/time><\/div>\n\n<div class=\"taxonomy-category wp-block-post-terms has-small-font-size\"><a href=\"https:\/\/nosvoyagesinterieurs.com\/index.php\/preparation-au-mariage-laique\/\" rel=\"tag\">Pr\u00e9paration au mariage la\u00efque<\/a><\/div>\n\n<\/div>\n<\/div>\n\n<\/li><li class=\"wp-block-post post-1364 post type-post status-publish format-standard has-post-thumbnail hentry category-preparation-au-mariage-laique\">\n<h2 class=\"wp-block-post-title\">Pourquoi les couples devraient se pr\u00e9parer au mariage m\u00eame sans probl\u00e8me<\/h2>\n\n<figure class=\"wp-block-post-featured-image\"><a href=\"https:\/\/nosvoyagesinterieurs.com\/index.php\/2026\/02\/20\/pourquoi-les-couples-devraient-se-preparer-au-mariage-meme-sans-probleme\/\" target=\"_self\"  ><img loading=\"lazy\" decoding=\"async\" width=\"2560\" height=\"1706\" src=\"https:\/\/nosvoyagesinterieurs.com\/wp-content\/uploads\/2026\/02\/preparations_au_mariage_pour_couple_laique_relation_consciente_durable-scaled.jpg\" class=\"attachment-post-thumbnail size-post-thumbnail wp-post-image\" alt=\"Pourquoi les couples devraient se pr\u00e9parer au mariage m\u00eame sans probl\u00e8me\" style=\"object-fit:cover;\" srcset=\"https:\/\/nosvoyagesinterieurs.com\/wp-content\/uploads\/2026\/02\/preparations_au_mariage_pour_couple_laique_relation_consciente_durable-scaled.jpg 2560w, https:\/\/nosvoyagesinterieurs.com\/wp-content\/uploads\/2026\/02\/preparations_au_mariage_pour_couple_laique_relation_consciente_durable-300x200.jpg 300w, https:\/\/nosvoyagesinterieurs.com\/wp-content\/uploads\/2026\/02\/preparations_au_mariage_pour_couple_laique_relation_consciente_durable-1024x683.jpg 1024w, https:\/\/nosvoyagesinterieurs.com\/wp-content\/uploads\/2026\/02\/preparations_au_mariage_pour_couple_laique_relation_consciente_durable-768x512.jpg 768w, https:\/\/nosvoyagesinterieurs.com\/wp-content\/uploads\/2026\/02\/preparations_au_mariage_pour_couple_laique_relation_consciente_durable-1536x1024.jpg 1536w, https:\/\/nosvoyagesinterieurs.com\/wp-content\/uploads\/2026\/02\/preparations_au_mariage_pour_couple_laique_relation_consciente_durable-2048x1365.jpg 2048w\" sizes=\"auto, (max-width: 2560px) 100vw, 2560px\" \/><\/a><\/figure>\n\n\n<div class=\"wp-block-group is-layout-flow wp-block-group-is-layout-flow\" style=\"padding-bottom:3rem\"><div class=\"wp-block-post-excerpt\"><p class=\"wp-block-post-excerpt__excerpt\">Pr\u00e9parer son mariage, m\u00eame sans probl\u00e8me : pourquoi c\u2019est indispensable ? Beaucoup de couples pensent qu\u2019une pr\u00e9paration au mariage est inutile s\u2019ils s\u2019entendent bien. En r\u00e9alit\u00e9, investir dans votre couple avant le mariage est la cl\u00e9 pour construire une relation solide et durable. Anticiper plut\u00f4t que subir Discuter des th\u00e8mes importants avant le mariage permet\u2026 <\/p><\/div>\n\n\n<div class=\"wp-block-group is-layout-flex wp-block-group-is-layout-flex\"><div style=\"font-style:normal;font-weight:400;\" class=\"wp-block-post-date has-small-font-size\"><time datetime=\"2026-02-20T10:44:41+01:00\">f\u00e9vrier 20, 2026<\/time><\/div>\n\n<div class=\"taxonomy-category wp-block-post-terms has-small-font-size\"><a href=\"https:\/\/nosvoyagesinterieurs.com\/index.php\/preparation-au-mariage-laique\/\" rel=\"tag\">Pr\u00e9paration au mariage la\u00efque<\/a><\/div>\n\n<\/div>\n<\/div>\n\n<\/li><li class=\"wp-block-post post-1362 post type-post status-publish format-standard has-post-thumbnail hentry category-preparation-au-mariage-laique\">\n<h2 class=\"wp-block-post-title\">5 sujets \u00e0 aborder absolument avant de se marier<\/h2>\n\n<figure class=\"wp-block-post-featured-image\"><a href=\"https:\/\/nosvoyagesinterieurs.com\/index.php\/2026\/02\/20\/5-sujets-a-aborder-absolument-avant-de-se-marier\/\" target=\"_self\"  ><img loading=\"lazy\" decoding=\"async\" width=\"2560\" height=\"1707\" src=\"https:\/\/nosvoyagesinterieurs.com\/wp-content\/uploads\/2026\/02\/preparations_au_mariage_pour_couple_laique-scaled.jpg\" class=\"attachment-post-thumbnail size-post-thumbnail wp-post-image\" alt=\"5 sujets \u00e0 aborder absolument avant de se marier\" style=\"object-fit:cover;\" srcset=\"https:\/\/nosvoyagesinterieurs.com\/wp-content\/uploads\/2026\/02\/preparations_au_mariage_pour_couple_laique-scaled.jpg 2560w, https:\/\/nosvoyagesinterieurs.com\/wp-content\/uploads\/2026\/02\/preparations_au_mariage_pour_couple_laique-300x200.jpg 300w, https:\/\/nosvoyagesinterieurs.com\/wp-content\/uploads\/2026\/02\/preparations_au_mariage_pour_couple_laique-1024x683.jpg 1024w, https:\/\/nosvoyagesinterieurs.com\/wp-content\/uploads\/2026\/02\/preparations_au_mariage_pour_couple_laique-768x512.jpg 768w, https:\/\/nosvoyagesinterieurs.com\/wp-content\/uploads\/2026\/02\/preparations_au_mariage_pour_couple_laique-1536x1024.jpg 1536w, https:\/\/nosvoyagesinterieurs.com\/wp-content\/uploads\/2026\/02\/preparations_au_mariage_pour_couple_laique-2048x1365.jpg 2048w\" sizes=\"auto, (max-width: 2560px) 100vw, 2560px\" \/><\/a><\/figure>\n\n\n<div class=\"wp-block-group is-layout-flow wp-block-group-is-layout-flow\" style=\"padding-bottom:3rem\"><div class=\"wp-block-post-excerpt\"><p class=\"wp-block-post-excerpt__excerpt\">Se pr\u00e9parer au mariage, ce n\u2019est pas seulement organiser une belle c\u00e9r\u00e9monie. C\u2019est aussi pr\u00e9parer votre vie de couple, renforcer votre communication et poser des bases solides pour votre engagement. Voici les 5 sujets essentiels \u00e0 discuter avant de vous marier : 1. La communication dans votre couple Apprendre \u00e0 communiquer efficacement est fondamental. Avant\u2026 <\/p><\/div>\n\n\n<div class=\"wp-block-group is-layout-flex wp-block-group-is-layout-flex\"><div style=\"font-style:normal;font-weight:400;\" class=\"wp-block-post-date has-small-font-size\"><time datetime=\"2026-02-20T10:43:38+01:00\">f\u00e9vrier 20, 2026<\/time><\/div>\n\n<div class=\"taxonomy-category wp-block-post-terms has-small-font-size\"><a href=\"https:\/\/nosvoyagesinterieurs.com\/index.php\/preparation-au-mariage-laique\/\" rel=\"tag\">Pr\u00e9paration au mariage la\u00efque<\/a><\/div>\n\n<\/div>\n<\/div>\n\n<\/li><\/ul>\n\n<\/div>\n<\/div>\n","protected":false},"excerpt":{"rendered":"<p>Pr\u00e9paration au mariage et vie de couple<\/p>\n","protected":false},"author":2,"featured_media":0,"parent":0,"menu_order":0,"comment_status":"closed","ping_status":"closed","template":"","meta":{"_seopress_robots_primary_cat":"","_seopress_titles_title":"Blog Pr\u00e9paration au mariage & Vie de couple \u2013 Conseils, astuces et articles pour renforcer votre relation","_seopress_titles_desc":"D\u00e9couvrez notre blog d\u00e9di\u00e9 aux couples qui pr\u00e9parent leur mariage et veulent aller plus loin que l\u2019organisation. Astuces, conseils et r\u00e9flexions pour renforcer votre engagement et construire une vie \u00e0 deux harmonieuse.","_seopress_robots_index":"","footnotes":""},"class_list":["post-1384","page","type-page","status-publish","hentry"],"_links":{"self":[{"href":"https:\/\/nosvoyagesinterieurs.com\/index.php\/wp-json\/wp\/v2\/pages\/1384","targetHints":{"allow":["GET"]}}],"collection":[{"href":"https:\/\/nosvoyagesinterieurs.com\/index.php\/wp-json\/wp\/v2\/pages"}],"about":[{"href":"https:\/\/nosvoyagesinterieurs.com\/index.php\/wp-json\/wp\/v2\/types\/page"}],"author":[{"embeddable":true,"href":"https:\/\/nosvoyagesinterieurs.com\/index.php\/wp-json\/wp\/v2\/users\/2"}],"replies":[{"embeddable":true,"href":"https:\/\/nosvoyagesinterieurs.com\/index.php\/wp-json\/wp\/v2\/comments?post=1384"}],"version-history":[{"count":9,"href":"https:\/\/nosvoyagesinterieurs.com\/index.php\/wp-json\/wp\/v2\/pages\/1384\/revisions"}],"predecessor-version":[{"id":1408,"href":"https:\/\/nosvoyagesinterieurs.com\/index.php\/wp-json\/wp\/v2\/pages\/1384\/revisions\/1408"}],"wp:attachment":[{"href":"https:\/\/nosvoyagesinterieurs.com\/index.php\/wp-json\/wp\/v2\/media?parent=1384"}],"curies":[{"name":"wp","href":"https:\/\/api.w.org\/{rel}","templated":true}]}}